{"id":59,"date":"2026-01-28T10:08:08","date_gmt":"2026-01-28T09:08:08","guid":{"rendered":"https:\/\/48t.se\/?page_id=59"},"modified":"2026-04-09T20:13:13","modified_gmt":"2026-04-09T18:13:13","slug":"contact","status":"publish","type":"page","link":"https:\/\/48t.se\/en\/start\/kontakt\/","title":{"rendered":"Contact us"},"content":{"rendered":"\n<div class=\"wp-block-group alignfull is-style-ext-preset--group--natural-1--section has-tertiary-background-color has-background has-global-padding is-layout-constrained wp-block-group-is-layout-constrained\" style=\"margin-top:0;margin-bottom:0;padding-top:var(--wp--preset--spacing--70);padding-bottom:var(--wp--preset--spacing--70)\">\n<div class=\"wp-block-columns alignwide are-vertically-aligned-center is-layout-flex wp-container-core-columns-is-layout-174606dc wp-block-columns-is-layout-flex\">\n<div class=\"wp-block-column is-vertically-aligned-center is-layout-flow wp-block-column-is-layout-flow\">\n<div class=\"wp-block-group alignwide is-vertical is-layout-flex wp-container-core-group-is-layout-c35747d5 wp-block-group-is-layout-flex\">\n<div class=\"wp-block-group has-global-padding is-layout-constrained wp-container-core-group-is-layout-dd32767c wp-block-group-is-layout-constrained\">\n<h2 class=\"wp-block-heading\">Kontakta oss p\u00e5 48timmar f\u00f6r snabb och professionell r\u00e5dgivning.<\/h2>\n\n\n\n<p>H\u00e4r kan du enkelt n\u00e5 v\u00e5rt expertteam f\u00f6r strategiska konsultationer inom resiliens, tillv\u00e4xt och aff\u00e4rsmodeller \u2013 vi svarar inom 48 timmar.<\/p>\n<\/div>\n\n\n\n<div class=\"wp-block-buttons is-layout-flex wp-block-buttons-is-layout-flex\"><\/div>\n<\/div>\n<\/div>\n\n\n\n<div class=\"wp-block-column is-vertically-aligned-center is-layout-flow wp-block-column-is-layout-flow\">\n<figure class=\"wp-block-image is-style-ext-preset--image--natural-1--image-1--content-right is-style-ext-preset--image--natural-1--image-1--content-right--2\"><img loading=\"lazy\" decoding=\"async\" width=\"1440\" height=\"960\" src=\"https:\/\/48t.se\/wp-content\/uploads\/2026\/01\/b959332faa8609d8ae055968864a961b8661c337.jpg\" alt=\"\" class=\"wp-image-77\" style=\"aspect-ratio:4\/3;object-fit:cover\" srcset=\"https:\/\/48t.se\/wp-content\/uploads\/2026\/01\/b959332faa8609d8ae055968864a961b8661c337.jpg 1440w, https:\/\/48t.se\/wp-content\/uploads\/2026\/01\/b959332faa8609d8ae055968864a961b8661c337-300x200.jpg 300w, https:\/\/48t.se\/wp-content\/uploads\/2026\/01\/b959332faa8609d8ae055968864a961b8661c337-1024x683.jpg 1024w, https:\/\/48t.se\/wp-content\/uploads\/2026\/01\/b959332faa8609d8ae055968864a961b8661c337-768x512.jpg 768w, https:\/\/48t.se\/wp-content\/uploads\/2026\/01\/b959332faa8609d8ae055968864a961b8661c337-18x12.jpg 18w\" sizes=\"auto, (max-width: 1440px) 100vw, 1440px\" \/><\/figure>\n<\/div>\n<\/div>\n\n\n\n<div class=\"wp-block-columns is-layout-flex wp-container-core-columns-is-layout-28f84493 wp-block-columns-is-layout-flex\">\n<div class=\"wp-block-column is-layout-flow wp-block-column-is-layout-flow\" style=\"flex-basis:100%\"><div class=\"wpforms-container wpforms-block wpforms-block-c8ea4136-fafd-430e-ad27-1f8ab0a85778 wpforms-render-modern\" id=\"wpforms-22\"><form id=\"wpforms-form-22\" class=\"wpforms-validate wpforms-form wpforms-ajax-form\" data-formid=\"22\" method=\"post\" enctype=\"multipart\/form-data\" action=\"\/en\/wp-json\/wp\/v2\/pages\/59\" data-token=\"5079f5850c9c2b6cc17a874e1c93d64d\" data-token-time=\"1777146994\"><noscript class=\"wpforms-error-noscript\">Please enable JavaScript in your browser to complete this form.<\/noscript><div id=\"wpforms-error-noscript\" style=\"display: none;\">Please enable JavaScript in your browser to complete this form.<\/div><div class=\"wpforms-field-container\"><div id=\"wpforms-22-field_5-container\" class=\"wpforms-field wpforms-field-select wpforms-field-select-style-modern\" data-field-id=\"5\"><label class=\"wpforms-field-label\" for=\"wpforms-22-field_5\">Vad \u00f6nskar du hj\u00e4lp med? <span class=\"wpforms-required-label\" aria-hidden=\"true\">*<\/span><\/label><select id=\"wpforms-22-field_5\" class=\"wpforms-field-large wpforms-field-required choicesjs-select\" data-size-class=\"wpforms-field-row wpforms-field-large\" data-search-enabled=\"\" name=\"wpforms[fields][5]\" required=\"required\"><option value=\"\" class=\"placeholder\" disabled  selected='selected'>&#8212; V\u00e4lj val &#8212;<\/option><option value=\"Jag \u00f6nskar snabb hj\u00e4lp s\u00e5 snart m\u00f6jligt\"  class=\"choice-1 depth-1\"  >Jag \u00f6nskar snabb hj\u00e4lp s\u00e5 snart m\u00f6jligt<\/option><option value=\"Jag \u00f6nskar mer information om era tj\u00e4nster\"  class=\"choice-2 depth-1\"  >Jag \u00f6nskar mer information om era tj\u00e4nster<\/option><option value=\"Jag vill ha hj\u00e4lp om en m\u00e5nad och vill ha offert\"  class=\"choice-3 depth-1\"  >Jag vill ha hj\u00e4lp om en m\u00e5nad och vill ha offert<\/option><option value=\"Annat\"  class=\"choice-4 depth-1\"  >Annat<\/option><\/select><\/div><div id=\"wpforms-22-field_3-container\" class=\"wpforms-field wpforms-field-text\" data-field-id=\"3\"><label class=\"wpforms-field-label\" for=\"wpforms-22-field_3\">\u00c4mne <span class=\"wpforms-required-label\" aria-hidden=\"true\">*<\/span><\/label><input type=\"text\" id=\"wpforms-22-field_3\" class=\"wpforms-field-large wpforms-field-required\" name=\"wpforms[fields][3]\" aria-errormessage=\"wpforms-22-field_3-error\" required><\/div>\t\t<div id=\"wpforms-22-field_4-container\"\n\t\t\tclass=\"wpforms-field wpforms-field-text\"\n\t\t\tdata-field-type=\"text\"\n\t\t\tdata-field-id=\"4\"\n\t\t\t>\n\t\t\t<label class=\"wpforms-field-label\" for=\"wpforms-22-field_4\" >\u00f6nskar hj\u00e4lp Meddelande<\/label>\n\t\t\t<input type=\"text\" id=\"wpforms-22-field_4\" class=\"wpforms-field-medium\" name=\"wpforms[fields][4]\" >\n\t\t<\/div>\n\t\t<div id=\"wpforms-22-field_1-container\" class=\"wpforms-field wpforms-field-name\" data-field-id=\"1\"><label class=\"wpforms-field-label\" for=\"wpforms-22-field_1\">Namn <span class=\"wpforms-required-label\" aria-hidden=\"true\">*<\/span><\/label><input type=\"text\" id=\"wpforms-22-field_1\" class=\"wpforms-field-large wpforms-field-required\" name=\"wpforms[fields][1]\" aria-errormessage=\"wpforms-22-field_1-error\" required><\/div><div id=\"wpforms-22-field_2-container\" class=\"wpforms-field wpforms-field-email\" data-field-id=\"2\"><label class=\"wpforms-field-label\" for=\"wpforms-22-field_2\">E-post <span class=\"wpforms-required-label\" aria-hidden=\"true\">*<\/span><\/label><input type=\"email\" id=\"wpforms-22-field_2\" class=\"wpforms-field-large wpforms-field-required\" name=\"wpforms[fields][2]\" spellcheck=\"false\" aria-errormessage=\"wpforms-22-field_2-error\" required><\/div><div id=\"wpforms-22-field_6-container\" class=\"wpforms-field wpforms-field-textarea\" data-field-id=\"6\"><label class=\"wpforms-field-label\" for=\"wpforms-22-field_6\">Meddelande<\/label><textarea id=\"wpforms-22-field_6\" class=\"wpforms-field-medium\" name=\"wpforms[fields][6]\" aria-errormessage=\"wpforms-22-field_6-error\" ><\/textarea><\/div><script>\n\t\t\t\t( function() {\n\t\t\t\t\tconst style = document.createElement( 'style' );\n\t\t\t\t\tstyle.appendChild( document.createTextNode( '#wpforms-22-field_4-container { position: absolute !important; overflow: hidden !important; display: inline !important; height: 1px !important; width: 1px !important; z-index: -1000 !important; padding: 0 !important; } #wpforms-22-field_4-container input { visibility: hidden; } #wpforms-conversational-form-page #wpforms-22-field_4-container label { counter-increment: none; }' ) );\n\t\t\t\t\tdocument.head.appendChild( style );\n\t\t\t\t\tdocument.currentScript?.remove();\n\t\t\t\t} )();\n\t\t\t<\/script><\/div><!-- .wpforms-field-container --><div class=\"wpforms-submit-container\" ><input type=\"hidden\" name=\"wpforms[id]\" value=\"22\"><input type=\"hidden\" name=\"page_title\" value=\"\"><input type=\"hidden\" name=\"page_url\" value=\"https:\/\/48t.se\/en\/wp-json\/wp\/v2\/pages\/59\"><input type=\"hidden\" name=\"url_referer\" value=\"\"><button type=\"submit\" name=\"wpforms[submit]\" id=\"wpforms-submit-22\" class=\"wpforms-submit\" data-alt-text=\"Skickar \u2026\" data-submit-text=\"Skicka\" aria-live=\"assertive\" value=\"wpforms-submit\">Skicka<\/button><img loading=\"lazy\" decoding=\"async\" src=\"https:\/\/48t.se\/wp-content\/plugins\/wpforms-lite\/assets\/images\/submit-spin.svg\" class=\"wpforms-submit-spinner\" style=\"display: none;\" width=\"26\" height=\"26\" alt=\"Loading\"><\/div><\/form><\/div>  <!-- .wpforms-container --><\/div>\n<\/div>\n<\/div>\n","protected":false},"excerpt":{"rendered":"<p>Contact us at 48hours for fast and professional advice. Here you can easily reach our expert team for strategic consultations on resilience, growth and business models - we respond within 48 hours.<\/p>","protected":false},"author":2,"featured_media":0,"parent":24,"menu_order":0,"comment_status":"closed","ping_status":"closed","template":"no-title","meta":{"om_disable_all_campaigns":false,"_monsterinsights_skip_tracking":false,"_monsterinsights_sitenote_active":false,"_monsterinsights_sitenote_note":"","_monsterinsights_sitenote_category":0,"footnotes":""},"class_list":["post-59","page","type-page","status-publish","hentry"],"aioseo_notices":[],"aioseo_head":"\n\t\t<!-- All in One SEO Pro 4.9.6.2 - aioseo.com -->\n\t<meta name=\"description\" content=\"Beh\u00f6ver du professionell r\u00e5dgivning? Kontakta v\u00e5rt expertteam idag f\u00f6r strategiska l\u00f6sningar inom resiliens, tillv\u00e4xt och aff\u00e4rsmodeller \u2013 svar inom 48 timmar.\" \/>\n\t<meta name=\"robots\" content=\"max-image-preview:large\" \/>\n\t<meta name=\"msvalidate.01\" content=\"1\" \/>\n\t<link rel=\"canonical\" href=\"https:\/\/48t.se\/en\/start\/kontakt\/\" \/>\n\t<meta name=\"generator\" content=\"All in One SEO Pro (AIOSEO) 4.9.6.2\" \/>\n\t\t<meta property=\"og:locale\" content=\"en_US\" \/>\n\t\t<meta property=\"og:site_name\" content=\"48timmar - Konsultleverans inom 48 timmar och f\u00f6r max 48,000 SEK\" \/>\n\t\t<meta property=\"og:type\" content=\"article\" \/>\n\t\t<meta property=\"og:title\" content=\"Kontakta oss - 48timmar\" \/>\n\t\t<meta property=\"og:description\" content=\"Beh\u00f6ver du professionell r\u00e5dgivning? Kontakta v\u00e5rt expertteam idag f\u00f6r strategiska l\u00f6sningar inom resiliens, tillv\u00e4xt och aff\u00e4rsmodeller \u2013 svar inom 48 timmar.\" \/>\n\t\t<meta property=\"og:url\" content=\"https:\/\/48t.se\/en\/start\/kontakt\/\" \/>\n\t\t<meta property=\"article:published_time\" content=\"2026-01-28T09:08:08+00:00\" \/>\n\t\t<meta property=\"article:modified_time\" content=\"2026-04-09T18:13:13+00:00\" \/>\n\t\t<meta name=\"twitter:card\" content=\"summary_large_image\" \/>\n\t\t<meta name=\"twitter:title\" content=\"Kontakta oss - 48timmar\" \/>\n\t\t<meta name=\"twitter:description\" content=\"Beh\u00f6ver du professionell r\u00e5dgivning? Kontakta v\u00e5rt expertteam idag f\u00f6r strategiska l\u00f6sningar inom resiliens, tillv\u00e4xt och aff\u00e4rsmodeller \u2013 svar inom 48 timmar.\" \/>\n\t\t<script type=\"application\/ld+json\" class=\"aioseo-schema\">\n\t\t\t{\"@context\":\"https:\\\/\\\/schema.org\",\"@graph\":[{\"@type\":\"BreadcrumbList\",\"@id\":\"https:\\\/\\\/48t.se\\\/en\\\/start\\\/kontakt\\\/#breadcrumblist\",\"itemListElement\":[{\"@type\":\"ListItem\",\"@id\":\"https:\\\/\\\/48t.se\\\/en#listItem\",\"position\":1,\"name\":\"Home\",\"item\":\"https:\\\/\\\/48t.se\\\/en\",\"nextItem\":{\"@type\":\"ListItem\",\"@id\":\"https:\\\/\\\/48t.se\\\/en\\\/start\\\/kontakt\\\/#listItem\",\"name\":\"Kontakta oss\"}},{\"@type\":\"ListItem\",\"@id\":\"https:\\\/\\\/48t.se\\\/en\\\/start\\\/kontakt\\\/#listItem\",\"position\":2,\"name\":\"Kontakta oss\",\"previousItem\":{\"@type\":\"ListItem\",\"@id\":\"https:\\\/\\\/48t.se\\\/en#listItem\",\"name\":\"Home\"}}]},{\"@type\":\"Organization\",\"@id\":\"https:\\\/\\\/48t.se\\\/en\\\/#organization\",\"name\":\"48timmar\",\"description\":\"Konsultleverans inom 48 timmar och f\\u00f6r max 48,000 SEK\",\"url\":\"https:\\\/\\\/48t.se\\\/en\\\/\",\"telephone\":\"+46859252200\",\"logo\":{\"@type\":\"ImageObject\",\"url\":\"https:\\\/\\\/48t.se\\\/wp-content\\\/uploads\\\/2026\\\/02\\\/fulllogo_transparent_nobuffer.png\",\"@id\":\"https:\\\/\\\/48t.se\\\/en\\\/start\\\/kontakt\\\/#organizationLogo\",\"width\":1280,\"height\":1034,\"caption\":\"48t.se logotype - red\\\/grey\"},\"image\":{\"@id\":\"https:\\\/\\\/48t.se\\\/en\\\/start\\\/kontakt\\\/#organizationLogo\"},\"sameAs\":[\"https:\\\/\\\/www.linkedin.com\\\/company\\\/48t\\\/\"],\"address\":{\"@id\":\"https:\\\/\\\/48t.se\\\/en\\\/#postaladdress\",\"@type\":\"PostalAddress\",\"streetAddress\":\"V\\u00e4stra J\\u00e4rnv\\u00e4gsgatan 3, 9tr,\",\"postalCode\":\"11164\",\"addressLocality\":\"Stockholm\",\"addressRegion\":\"Stockholm\",\"addressCountry\":\"SE\"}},{\"@type\":\"WebPage\",\"@id\":\"https:\\\/\\\/48t.se\\\/en\\\/start\\\/kontakt\\\/#webpage\",\"url\":\"https:\\\/\\\/48t.se\\\/en\\\/start\\\/kontakt\\\/\",\"name\":\"Kontakta oss - 48timmar\",\"description\":\"Beh\\u00f6ver du professionell r\\u00e5dgivning? Kontakta v\\u00e5rt expertteam idag f\\u00f6r strategiska l\\u00f6sningar inom resiliens, tillv\\u00e4xt och aff\\u00e4rsmodeller \\u2013 svar inom 48 timmar.\",\"inLanguage\":\"en-US\",\"isPartOf\":{\"@id\":\"https:\\\/\\\/48t.se\\\/en\\\/#website\"},\"breadcrumb\":{\"@id\":\"https:\\\/\\\/48t.se\\\/en\\\/start\\\/kontakt\\\/#breadcrumblist\"},\"datePublished\":\"2026-01-28T10:08:08+01:00\",\"dateModified\":\"2026-04-09T20:13:13+02:00\"},{\"@type\":\"WebSite\",\"@id\":\"https:\\\/\\\/48t.se\\\/en\\\/#website\",\"url\":\"https:\\\/\\\/48t.se\\\/en\\\/\",\"name\":\"48timmar\",\"description\":\"Konsultleverans inom 48 timmar och f\\u00f6r max 48,000 SEK\",\"inLanguage\":\"en-US\",\"publisher\":{\"@id\":\"https:\\\/\\\/48t.se\\\/en\\\/#organization\"}}]}\n\t\t<\/script>\n\t\t<!-- All in One SEO Pro -->\r\n\t\t<title>Kontakta oss - 48timmar<\/title>\n\n","aioseo_head_json":{"title":"Contact us - 48hours","description":"Do you need professional advice? Contact our expert team today for strategic solutions in resilience, growth, and business models \u2013 answers within 48 hours.","canonical_url":"https:\/\/48t.se\/en\/start\/kontakt\/","robots":"max-image-preview:large","keywords":"","webmasterTools":{"msvalidate.01":"1","miscellaneous":""},"schema":{"@context":"https:\/\/schema.org","@graph":[{"@type":"BreadcrumbList","@id":"https:\/\/48t.se\/en\/start\/kontakt\/#breadcrumblist","itemListElement":[{"@type":"ListItem","@id":"https:\/\/48t.se\/en#listItem","position":1,"name":"Home","item":"https:\/\/48t.se\/en","nextItem":{"@type":"ListItem","@id":"https:\/\/48t.se\/en\/start\/kontakt\/#listItem","name":"Kontakta oss"}},{"@type":"ListItem","@id":"https:\/\/48t.se\/en\/start\/kontakt\/#listItem","position":2,"name":"Kontakta oss","previousItem":{"@type":"ListItem","@id":"https:\/\/48t.se\/en#listItem","name":"Home"}}]},{"@type":"Organization","@id":"https:\/\/48t.se\/en\/#organization","name":"48timmar","description":"Konsultleverans inom 48 timmar och f\u00f6r max 48,000 SEK","url":"https:\/\/48t.se\/en\/","telephone":"+46859252200","logo":{"@type":"ImageObject","url":"https:\/\/48t.se\/wp-content\/uploads\/2026\/02\/fulllogo_transparent_nobuffer.png","@id":"https:\/\/48t.se\/en\/start\/kontakt\/#organizationLogo","width":1280,"height":1034,"caption":"48t.se logotype - red\/grey"},"image":{"@id":"https:\/\/48t.se\/en\/start\/kontakt\/#organizationLogo"},"sameAs":["https:\/\/www.linkedin.com\/company\/48t\/"],"address":{"@id":"https:\/\/48t.se\/en\/#postaladdress","@type":"PostalAddress","streetAddress":"V\u00e4stra J\u00e4rnv\u00e4gsgatan 3, 9tr,","postalCode":"11164","addressLocality":"Stockholm","addressRegion":"Stockholm","addressCountry":"SE"}},{"@type":"WebPage","@id":"https:\/\/48t.se\/en\/start\/kontakt\/#webpage","url":"https:\/\/48t.se\/en\/start\/kontakt\/","name":"Kontakta oss - 48timmar","description":"Beh\u00f6ver du professionell r\u00e5dgivning? Kontakta v\u00e5rt expertteam idag f\u00f6r strategiska l\u00f6sningar inom resiliens, tillv\u00e4xt och aff\u00e4rsmodeller \u2013 svar inom 48 timmar.","inLanguage":"en-US","isPartOf":{"@id":"https:\/\/48t.se\/en\/#website"},"breadcrumb":{"@id":"https:\/\/48t.se\/en\/start\/kontakt\/#breadcrumblist"},"datePublished":"2026-01-28T10:08:08+01:00","dateModified":"2026-04-09T20:13:13+02:00"},{"@type":"WebSite","@id":"https:\/\/48t.se\/en\/#website","url":"https:\/\/48t.se\/en\/","name":"48timmar","description":"Konsultleverans inom 48 timmar och f\u00f6r max 48,000 SEK","inLanguage":"en-US","publisher":{"@id":"https:\/\/48t.se\/en\/#organization"}}]},"og:locale":"en_US","og:site_name":"48timmar - Konsultleverans inom 48 timmar och f\u00f6r max 48,000 SEK","og:type":"article","og:title":"Kontakta oss - 48timmar","og:description":"Beh\u00f6ver du professionell r\u00e5dgivning? Kontakta v\u00e5rt expertteam idag f\u00f6r strategiska l\u00f6sningar inom resiliens, tillv\u00e4xt och aff\u00e4rsmodeller \u2013 svar inom 48 timmar.","og:url":"https:\/\/48t.se\/en\/start\/kontakt\/","article:published_time":"2026-01-28T09:08:08+00:00","article:modified_time":"2026-04-09T18:13:13+00:00","twitter:card":"summary_large_image","twitter:title":"Kontakta oss - 48timmar","twitter:description":"Beh\u00f6ver du professionell r\u00e5dgivning? Kontakta v\u00e5rt expertteam idag f\u00f6r strategiska l\u00f6sningar inom resiliens, tillv\u00e4xt och aff\u00e4rsmodeller \u2013 svar inom 48 timmar."},"aioseo_meta_data":{"post_id":"59","title":null,"description":"Do you need professional advice? Contact our expert team today for strategic solutions in resilience, growth, and business models \u2013 answers within 48 hours.","keywords":null,"keyphrases":{"focus":{"keyphrase":"","score":0,"analysis":{"keyphraseInTitle":{"score":0,"maxScore":9,"error":1}}},"additional":[]},"primary_term":null,"canonical_url":null,"og_title":null,"og_description":null,"og_object_type":"default","og_image_type":"default","og_image_url":null,"og_image_width":null,"og_image_height":null,"og_image_custom_url":null,"og_image_custom_fields":null,"og_video":"","og_custom_url":null,"og_article_section":null,"og_article_tags":null,"twitter_use_og":false,"twitter_card":"default","twitter_image_type":"default","twitter_image_url":null,"twitter_image_custom_url":null,"twitter_image_custom_fields":null,"twitter_title":null,"twitter_description":null,"schema":{"blockGraphs":[],"customGraphs":[],"default":{"data":{"Article":[],"Course":[],"Dataset":[],"FAQPage":[],"Movie":[],"Person":[],"Product":[],"ProductReview":[],"Car":[],"Recipe":[],"Service":[],"SoftwareApplication":[],"WebPage":[]},"graphName":"WebPage","isEnabled":true},"graphs":[]},"schema_type":"default","schema_type_options":null,"pillar_content":false,"robots_default":true,"robots_noindex":false,"robots_noarchive":false,"robots_nosnippet":false,"robots_nofollow":false,"robots_noimageindex":false,"robots_noodp":false,"robots_notranslate":false,"robots_max_snippet":"-1","robots_max_videopreview":"-1","robots_max_imagepreview":"large","priority":null,"frequency":"default","local_seo":null,"seo_analyzer_scan_date":"2026-04-09 18:30:00","breadcrumb_settings":null,"limit_modified_date":false,"reviewed_by":"0","open_ai":null,"ai":{"faqs":[],"keyPoints":[],"titles":[],"descriptions":["Beh\u00f6ver du professionell r\u00e5dgivning? Kontakta v\u00e5rt expertteam idag f\u00f6r strategiska l\u00f6sningar inom resiliens, tillv\u00e4xt och aff\u00e4rsmodeller \u2013 svar inom 48 timmar.","F\u00e5 snabb och kvalificerad r\u00e5dgivning genom att kontakta oss. V\u00e5rt erfarna team hj\u00e4lper dig med strategiska konsultationer inom tillv\u00e4xt och aff\u00e4rsstrategier, svar inom 48 timmar.","Vill du ha expertst\u00f6d? Kontakta oss f\u00f6r professionell r\u00e5dgivning inom resiliens, aff\u00e4rsmodeller och tillv\u00e4xt. Vi \u00e5terkopplar inom 48 timmar.","Snabb access till professionell r\u00e5dgivning! V\u00e5rt team av experter hj\u00e4lper dig med strategiska fr\u00e5gor inom aff\u00e4rsutveckling, svar inom 48 timmar.","Ring oss idag f\u00f6r att f\u00e5 snabb och kunnig r\u00e5dgivning inom strategisk utveckling. Vi svarar inom 48 timmar och hj\u00e4lper dig att st\u00e4rka din verksamhet."],"socialPosts":{"email":[],"linkedin":[],"twitter":[],"facebook":[],"instagram":[]}},"created":"2026-01-28 08:50:20","updated":"2026-04-09 18:30:27"},"aioseo_breadcrumb":"<div class=\"aioseo-breadcrumbs\"><span class=\"aioseo-breadcrumb\">\n\t<a href=\"https:\/\/48t.se\/en\" title=\"Home\">Home<\/a>\n<\/span><span class=\"aioseo-breadcrumb-separator\">&raquo;<\/span><span class=\"aioseo-breadcrumb\">\n\tKontakta oss\n<\/span><\/div>","aioseo_breadcrumb_json":[{"label":"Home","link":"https:\/\/48t.se\/en"},{"label":"Kontakta oss","link":"https:\/\/48t.se\/en\/start\/kontakt\/"}],"_links":{"self":[{"href":"https:\/\/48t.se\/en\/wp-json\/wp\/v2\/pages\/59","targetHints":{"allow":["GET"]}}],"collection":[{"href":"https:\/\/48t.se\/en\/wp-json\/wp\/v2\/pages"}],"about":[{"href":"https:\/\/48t.se\/en\/wp-json\/wp\/v2\/types\/page"}],"author":[{"embeddable":true,"href":"https:\/\/48t.se\/en\/wp-json\/wp\/v2\/users\/2"}],"replies":[{"embeddable":true,"href":"https:\/\/48t.se\/en\/wp-json\/wp\/v2\/comments?post=59"}],"version-history":[{"count":5,"href":"https:\/\/48t.se\/en\/wp-json\/wp\/v2\/pages\/59\/revisions"}],"predecessor-version":[{"id":141,"href":"https:\/\/48t.se\/en\/wp-json\/wp\/v2\/pages\/59\/revisions\/141"}],"up":[{"embeddable":true,"href":"https:\/\/48t.se\/en\/wp-json\/wp\/v2\/pages\/24"}],"wp:attachment":[{"href":"https:\/\/48t.se\/en\/wp-json\/wp\/v2\/media?parent=59"}],"curies":[{"name":"wp","href":"https:\/\/api.w.org\/{rel}","templated":true}]}}